{"id":43,"date":"2020-07-26T02:50:54","date_gmt":"2020-07-26T07:50:54","guid":{"rendered":"https:\/\/goodcell.co\/?post_type=product&#038;p=43"},"modified":"2025-11-11T00:42:28","modified_gmt":"2025-11-11T05:42:28","slug":"sillas-gaming-gtx","status":"publish","type":"product","link":"https:\/\/goodcell.co\/index.php\/product\/sillas-gaming-gtx\/","title":{"rendered":"Silla Trust Gamin GTX 707 Resto Red\/Black"},"content":{"rendered":"<p>Silla Trust GXT 707R para una mejor experiencia mientras juegas!<img fetchpriority=\"high\" decoding=\"async\" class=\"alignnone size-medium wp-image-96\" src=\"https:\/\/goodcell.co\/wp-content\/uploads\/2020\/07\/resto-194x300.jpg\" alt=\"\" width=\"194\" height=\"300\" srcset=\"https:\/\/goodcell.co\/wp-content\/uploads\/2020\/07\/resto-194x300.jpg 194w, https:\/\/goodcell.co\/wp-content\/uploads\/2020\/07\/resto-600x927.jpg 600w, https:\/\/goodcell.co\/wp-content\/uploads\/2020\/07\/resto-663x1024.jpg 663w, https:\/\/goodcell.co\/wp-content\/uploads\/2020\/07\/resto-768x1186.jpg 768w, https:\/\/goodcell.co\/wp-content\/uploads\/2020\/07\/resto.jpg 777w\" sizes=\"(max-width: 194px) 100vw, 194px\" \/><\/p>\n<p>&nbsp;<\/p>\n<p>&nbsp;<\/p>\n<p><img decoding=\"async\" class=\"alignnone size-medium wp-image-99\" src=\"https:\/\/goodcell.co\/wp-content\/uploads\/2020\/07\/resto1-300x170.jpg\" alt=\"\" width=\"300\" height=\"170\" srcset=\"https:\/\/goodcell.co\/wp-content\/uploads\/2020\/07\/resto1-300x170.jpg 300w, https:\/\/goodcell.co\/wp-content\/uploads\/2020\/07\/resto1-600x340.jpg 600w, https:\/\/goodcell.co\/wp-content\/uploads\/2020\/07\/resto1.jpg 683w\" sizes=\"(max-width: 300px) 100vw, 300px\" \/><img decoding=\"async\" class=\"alignnone size-medium wp-image-97\" src=\"https:\/\/goodcell.co\/wp-content\/uploads\/2020\/07\/resto-2-300x215.png\" alt=\"\" width=\"300\" height=\"215\" srcset=\"https:\/\/goodcell.co\/wp-content\/uploads\/2020\/07\/resto-2-300x215.png 300w, https:\/\/goodcell.co\/wp-content\/uploads\/2020\/07\/resto-2-600x430.png 600w, https:\/\/goodcell.co\/wp-content\/uploads\/2020\/07\/resto-2-768x551.png 768w, https:\/\/goodcell.co\/wp-content\/uploads\/2020\/07\/resto-2.png 880w\" sizes=\"(max-width: 300px) 100vw, 300px\" \/><img loading=\"lazy\" decoding=\"async\" class=\"alignnone size-medium wp-image-44\" src=\"https:\/\/goodcell.co\/wp-content\/uploads\/2020\/07\/Silla-gaming-300x300.jpg\" alt=\"Sillas GTX\" width=\"300\" height=\"300\" srcset=\"https:\/\/goodcell.co\/wp-content\/uploads\/2020\/07\/Silla-gaming-300x300.jpg 300w, https:\/\/goodcell.co\/wp-content\/uploads\/2020\/07\/Silla-gaming-100x100.jpg 100w, https:\/\/goodcell.co\/wp-content\/uploads\/2020\/07\/Silla-gaming-600x600.jpg 600w, https:\/\/goodcell.co\/wp-content\/uploads\/2020\/07\/Silla-gaming-1024x1024.jpg 1024w, https:\/\/goodcell.co\/wp-content\/uploads\/2020\/07\/Silla-gaming-150x150.jpg 150w, https:\/\/goodcell.co\/wp-content\/uploads\/2020\/07\/Silla-gaming-768x768.jpg 768w, https:\/\/goodcell.co\/wp-content\/uploads\/2020\/07\/Silla-gaming.jpg 1226w\" sizes=\"(max-width: 300px) 100vw, 300px\" \/><\/p>\n","protected":false},"excerpt":{"rendered":"<p>CARACTERISTICAS<\/p>\n<p>-Totalmente giratoria, 360\u00b0<br \/>\n-Ajustable en altura, reposabrazos giratorios hacia dentro y hacia fuera<br \/>\n-Cilindro elevador de gas de Clase 4 para ajustar la altura<br \/>\n-Respaldo ajustable en 90\u00b0<br \/>\n-Asiento reclinable con posibilidades de bloqueo.<br \/>\n-Incluye cojines extra\u00edbles y ajustables para la zona lumbar y cervical<br \/>\n-Bastidor met\u00e1lico s\u00f3lido y robusto<br \/>\n-Duradero, ruedas dobles que giran con suavidad<\/p>\n<p>Especificaciones<br \/>\nGeneral<br \/>\nMax. peso 150 kg<br \/>\nAltura del producto principal (en mm) 1340 mm<br \/>\nAncho del producto principal (en mm) 740 mm<br \/>\nProfundidad del producto principal (en mm) 660 mm<br \/>\nPeso total 20500 g<br \/>\nDise\u00f1o ergon\u00f3mico s\u00ed<\/p>\n<p>Ascensor de gas<br \/>\nAscensor de gas? si<br \/>\nAscensor de gas marca lant<br \/>\nElevador de gas clase 4<\/p>\n<p>Caracteristicas<br \/>\nProfundidad del asiento 50 cm<br \/>\nAncho del asiento 46 cm.<br \/>\nAltura del respaldo 83 cm.<\/p>\n<p>Ajustabilidad<br \/>\nApoyabrazos ajustable s\u00ed, unidireccional (arriba \/ abajo)<br \/>\nAltura del asiento ajustable s\u00ed, 54.5 \/ 47<br \/>\nAsiento inclinable con \u00e1ngulo de inclinaci\u00f3n ajustable con mecanismo de bloqueo<br \/>\n\u00c1ngulo de respaldo ajustable s\u00ed, 90\/180<br \/>\nAltura m\u00ednima \/ m\u00e1xima usuario 155 cm &#8211; 195 cm<\/p>\n<p>Materiales<br \/>\nAsiento cuero PU, tejido el\u00e1stico<br \/>\nReposabrazos acolchados Pl\u00e1stico<br \/>\nRueda tipo nylon negro<br \/>\nRespaldo acolchado cuero PU, tejido el\u00e1stico<br \/>\nCoj\u00edn acolchado 7009 espuma moldeada de preparaci\u00f3n fr\u00eda 35 densidad<br \/>\nMarco de metal<\/p>\n<p>Ruedas<br \/>\nN\u00famero de ruedas 5<\/p>\n<p>Controlar<br \/>\nSuperficie adecuada alfombra \/ laminado \/ parket \/ pisos de resina \/ baldosas<br \/>\ninformaci\u00f3n extra<br \/>\nGeneral N\u00famero de referencia:<br \/>\n21872 C\u00f3digo EAN:<br \/>\n8713439218725Garant\u00eda:<br \/>\n1 a\u00f1oPeso del producto (neto):<br \/>\n20500 g<br \/>\nContenido del paqueteSillaCoj\u00edn cervicalCoj\u00edn lumbarHerramienta y materiales de instalaci\u00f3nManual del usuarioAdhesivo Gaming<\/p>\n<p>-GARANTIA 1 A\u00d1O<\/p>\n","protected":false},"featured_media":98,"comment_status":"open","ping_status":"closed","template":"","meta":{"site-sidebar-layout":"default","site-content-layout":"","ast-site-content-layout":"","site-content-style":"default","site-sidebar-style":"default","ast-global-header-display":"","ast-banner-title-visibility":"","ast-main-header-display":"","ast-hfb-above-header-display":"","ast-hfb-below-header-display":"","ast-hfb-mobile-header-display":"","site-post-title":"","ast-breadcrumbs-content":"","ast-featured-img":"","footer-sml-layout":"","theme-transparent-header-meta":"","adv-header-id-meta":"","stick-header-meta":"","header-above-stick-meta":"","header-main-stick-meta":"","header-below-stick-meta":"","astra-migrate-meta-layouts":"default","ast-page-background-enabled":"default","ast-page-background-meta":{"desktop":{"background-color":"var(--ast-global-color-4)","background-image":"","background-repeat":"repeat","background-position":"center center","background-size":"auto","background-attachment":"scroll","background-type":"","background-media":"","overlay-type":"","overlay-color":"","overlay-opacity":"","overlay-gradient":""},"tablet":{"background-color":"","background-image":"","background-repeat":"repeat","background-position":"center center","background-size":"auto","background-attachment":"scroll","background-type":"","background-media":"","overlay-type":"","overlay-color":"","overlay-opacity":"","overlay-gradient":""},"mobile":{"background-color":"","background-image":"","background-repeat":"repeat","background-position":"center center","background-size":"auto","background-attachment":"scroll","background-type":"","background-media":"","overlay-type":"","overlay-color":"","overlay-opacity":"","overlay-gradient":""}},"ast-content-background-meta":{"desktop":{"background-color":"var(--ast-global-color-5)","background-image":"","background-repeat":"repeat","background-position":"center center","background-size":"auto","background-attachment":"scroll","background-type":"","background-media":"","overlay-type":"","overlay-color":"","overlay-opacity":"","overlay-gradient":""},"tablet":{"background-color":"var(--ast-global-color-5)","background-image":"","background-repeat":"repeat","background-position":"center center","background-size":"auto","background-attachment":"scroll","background-type":"","background-media":"","overlay-type":"","overlay-color":"","overlay-opacity":"","overlay-gradient":""},"mobile":{"background-color":"var(--ast-global-color-5)","background-image":"","background-repeat":"repeat","background-position":"center center","background-size":"auto","background-attachment":"scroll","background-type":"","background-media":"","overlay-type":"","overlay-color":"","overlay-opacity":"","overlay-gradient":""}}},"product_brand":[],"product_cat":[19,20],"product_tag":[],"class_list":{"0":"post-43","1":"product","2":"type-product","3":"status-publish","4":"has-post-thumbnail","6":"product_cat-gaming","7":"product_cat-sillas","8":"desktop-align-left","9":"tablet-align-left","10":"mobile-align-left","12":"first","13":"outofstock","14":"taxable","15":"shipping-taxable","16":"purchasable","17":"product-type-simple"},"_links":{"self":[{"href":"https:\/\/goodcell.co\/index.php\/wp-json\/wp\/v2\/product\/43","targetHints":{"allow":["GET"]}}],"collection":[{"href":"https:\/\/goodcell.co\/index.php\/wp-json\/wp\/v2\/product"}],"about":[{"href":"https:\/\/goodcell.co\/index.php\/wp-json\/wp\/v2\/types\/product"}],"replies":[{"embeddable":true,"href":"https:\/\/goodcell.co\/index.php\/wp-json\/wp\/v2\/comments?post=43"}],"wp:featuredmedia":[{"embeddable":true,"href":"https:\/\/goodcell.co\/index.php\/wp-json\/wp\/v2\/media\/98"}],"wp:attachment":[{"href":"https:\/\/goodcell.co\/index.php\/wp-json\/wp\/v2\/media?parent=43"}],"wp:term":[{"taxonomy":"product_brand","embeddable":true,"href":"https:\/\/goodcell.co\/index.php\/wp-json\/wp\/v2\/product_brand?post=43"},{"taxonomy":"product_cat","embeddable":true,"href":"https:\/\/goodcell.co\/index.php\/wp-json\/wp\/v2\/product_cat?post=43"},{"taxonomy":"product_tag","embeddable":true,"href":"https:\/\/goodcell.co\/index.php\/wp-json\/wp\/v2\/product_tag?post=43"}],"curies":[{"name":"wp","href":"https:\/\/api.w.org\/{rel}","templated":true}]}}